{"id":1458,"date":"2023-01-26T18:56:04","date_gmt":"2023-01-26T17:56:04","guid":{"rendered":"http:\/\/10.0.0.5\/wp601base\/?page_id=1458"},"modified":"2025-07-03T16:11:14","modified_gmt":"2025-07-03T14:11:14","slug":"kontakt","status":"publish","type":"page","link":"https:\/\/www.cloud-labs.at\/index.php\/kontakt\/","title":{"rendered":"Kontakt"},"content":{"rendered":"\t\t<div data-elementor-type=\"wp-post\" data-elementor-id=\"1458\" class=\"elementor elementor-1458\">\n\t\t\t\t\t\t<section class=\"elementor-section elementor-top-section elementor-element elementor-element-33e17e7 elementor-section-boxed elementor-section-height-default elementor-section-height-default\" data-id=\"33e17e7\" data-element_type=\"section\" data-settings=\"{&quot;background_background&quot;:&quot;classic&quot;}\">\n\t\t\t\t\t\t\t<div class=\"elementor-background-overlay\"><\/div>\n\t\t\t\t\t\t\t<div class=\"elementor-container elementor-column-gap-default\">\n\t\t\t\t\t<div class=\"elementor-column elementor-col-100 elementor-top-column elementor-element elementor-element-8db3fe6\" data-id=\"8db3fe6\" data-element_type=\"column\" data-settings=\"{&quot;background_background&quot;:&quot;classic&quot;}\">\n\t\t\t<div class=\"elementor-widget-wrap elementor-element-populated\">\n\t\t\t\t\t\t<section class=\"elementor-section elementor-inner-section elementor-element elementor-element-9e71cbe elementor-section-boxed elementor-section-height-default elementor-section-height-default\" data-id=\"9e71cbe\" data-element_type=\"section\">\n\t\t\t\t\t\t<div class=\"elementor-container elementor-column-gap-default\">\n\t\t\t\t\t<div class=\"elementor-column elementor-col-50 elementor-inner-column elementor-element elementor-element-59a03ba\" data-id=\"59a03ba\" data-element_type=\"column\">\n\t\t\t<div class=\"elementor-widget-wrap elementor-element-populated\">\n\t\t\t\t\t\t<div class=\"elementor-element elementor-element-58db979 eael-contact-form-7-button-align-center eael-contact-form-7-button-custom elementor-widget elementor-widget-eael-contact-form-7\" data-id=\"58db979\" data-element_type=\"widget\" data-widget_type=\"eael-contact-form-7.default\">\n\t\t\t\t<div class=\"elementor-widget-container\">\n\t\t\t\t\t<div class=\"eael-contact-form-7-wrapper\">\n                <div class=\"eael-contact-form eael-contact-form-7 eael-contact-form-58db979 placeholder-show eael-contact-form-align-left\"><div class=\"eael-contact-form-7-heading\"><h3 class=\"eael-contact-form-title eael-contact-form-7-title\">\n                                    Kontaktformular\n                                <\/h3><div class=\"eael-contact-form-description eael-contact-form-7-description\"> Bitte senden Sie uns hier Ihre Fragen und Nachrichten:\n                            <\/div><\/div>\n<div class=\"wpcf7 no-js\" id=\"wpcf7-f1462-o1\" lang=\"de-DE\" dir=\"ltr\" data-wpcf7-id=\"1462\">\n<div class=\"screen-reader-response\"><p role=\"status\" aria-live=\"polite\" aria-atomic=\"true\"><\/p> <ul><\/ul><\/div>\n<form action=\"\/index.php\/wp-json\/wp\/v2\/pages\/1458#wpcf7-f1462-o1\" method=\"post\" class=\"wpcf7-form init wpcf7-acceptance-as-validation\" aria-label=\"Kontaktformular\" novalidate=\"novalidate\" data-status=\"init\">\n<fieldset class=\"hidden-fields-container\"><input type=\"hidden\" name=\"_wpcf7\" value=\"1462\" \/><input type=\"hidden\" name=\"_wpcf7_version\" value=\"6.1\" \/><input type=\"hidden\" name=\"_wpcf7_locale\" value=\"de_DE\" \/><input type=\"hidden\" name=\"_wpcf7_unit_tag\" value=\"wpcf7-f1462-o1\" \/><input type=\"hidden\" name=\"_wpcf7_container_post\" value=\"0\" \/><input type=\"hidden\" name=\"_wpcf7_posted_data_hash\" value=\"\" \/>\n<\/fieldset>\n<p><label> Ihr Name<br \/>\n<span class=\"wpcf7-form-control-wrap\" data-name=\"your-name\"><input size=\"40\" maxlength=\"400\" class=\"wpcf7-form-control wpcf7-text wpcf7-validates-as-required\" autocomplete=\"name\" aria-required=\"true\" aria-invalid=\"false\" placeholder=\"Name\" value=\"\" type=\"text\" name=\"your-name\" \/><\/span> <\/label>\n<\/p>\n<p><label> Email-Adresse<br \/>\n<span class=\"wpcf7-form-control-wrap\" data-name=\"your-email\"><input size=\"40\" maxlength=\"400\" class=\"wpcf7-form-control wpcf7-email wpcf7-validates-as-required wpcf7-text wpcf7-validates-as-email\" autocomplete=\"email\" aria-required=\"true\" aria-invalid=\"false\" placeholder=\"max.mueller@gmx.com\" value=\"\" type=\"email\" name=\"your-email\" \/><\/span> <\/label>\n<\/p>\n<p><label> Betrifft<br \/>\n<span class=\"wpcf7-form-control-wrap\" data-name=\"your-subject\"><input size=\"40\" maxlength=\"400\" class=\"wpcf7-form-control wpcf7-text wpcf7-validates-as-required\" aria-required=\"true\" aria-invalid=\"false\" value=\"\" type=\"text\" name=\"your-subject\" \/><\/span> <\/label>\n<\/p>\n<p><label> Ihre Nachricht (optional)<br \/>\n<span class=\"wpcf7-form-control-wrap\" data-name=\"your-message\"><textarea cols=\"40\" rows=\"10\" maxlength=\"2000\" class=\"wpcf7-form-control wpcf7-textarea\" aria-invalid=\"false\" name=\"your-message\"><\/textarea><\/span> <\/label>\n<\/p>\n<p><span class=\"wpcf7-form-control-wrap\" data-name=\"acceptance-306\"><span class=\"wpcf7-form-control wpcf7-acceptance\"><span class=\"wpcf7-list-item\"><label><input type=\"checkbox\" name=\"acceptance-306\" value=\"1\" aria-invalid=\"false\" \/><span class=\"wpcf7-list-item-label\">Ich akzeptiere die Verarbeitung meiner Daten<\/span><\/label><\/span><\/span><\/span>\n<\/p>\n<p><label> Bitte geben Sie die Zeichen weiter unten ein <\/label>\n<\/p>\n<p><p><span class=\"wpcf7-form-control-wrap\"><div class=\"f12-captcha template-2\">\r\n    <div class=\"c-header\">\r\n        <div class=\"c-label\"><label for=\"c_f58ac362d15decdeb5bd\">Captcha<\/label><\/div>\r\n        <div class=\"c-data\"><span class=\"captcha-image\"><img decoding=\"async\" alt=\"captcha\" src=\"data:image\/png;base64,iVBORw0KGgoAAAANSUhEUgAAAH0AAAAeCAMAAAA2PuHjAAAA6lBMVEX\/\/\/\/IyMjq6urx8fH4+Pjc3NzOzs7V1dXj4+NFZ4mis8Rzjaa8wcWKoLW3u8BcepejsLyWo7BXdZNngJplf5jJzdFWc5F2i6Dn7PCnr7hVc5CGl6iNnq\/Q2eG0wc65xtLDx8uXqLmInbJshp\/V2d3IyMhFZ4nP09fh5epZd5VbeZbb3+R4jaJpgpyFmrCwvcrIyMhFZ4l9kqhYdpTAydGxucJ7kKXIyMhFZ4m7xMysuMVuh6HGztfL09zIyMjy8vLr6+tFZ4nW2t6UpbaQobK2vsdqhJ1aeJZxi6TIyMhFZ4mntMGap7RXdJLqcyNvAAAACXBIWXMAAA7EAAAOxAGVKw4bAAAENElEQVRIie1WWXucNhRl0cJiUCYhwzLFsp0iO3ZTIzsNuGnpR5s2HdL+\/7\/TewV4Jvk8KX5I+5LzMkgwOnc594BlfcVX\/CsImS9cx6Ocs6Zh3DFr14EdSp35CYdyxqjzqOMd9zPUHqvrmpsnmn1Qy+l28PC+y7Yj2GcO\/BSubZND9whyIzAf1jDPcVyCPE3juF3HKfU8x+OG3gFazyXEgSCW0zu2ffAeN7wuxACcvGH3UUH1gX2uMdATst3SOeQte+Csh0Htg8+SMWn8heTojh2um1927AQuIfX7fB6RPLfpoVuOyRmfqblleU2zu9M0v+ar36JQhAEsu47SLSuDKIokxuYd7OXHCMIj2\/uIkVeMuqSqsL87dorsyaUIAcDgNHk\/I0R2z4uTwUBkS\/O2rMiP7bGApliEVwaOYYeK0yAU0bXpgNMU7QRx18R9n76TZSZFL0EC7lUxrE+PpRRDuJw9BHbkJczGGgA5VM3BADBrr040IuEYHrCXAGBo1w3v+860TPZnrONWMCQ4bJy+fL88+dA3kgfhYwlcyNrUYWK3rnWxyleFxuaSpm3Nf4izbnNX9DEHt\/F+79OOESsaPmxn0KWiEz5K\/skqZshGq0nWdGQnN3pVszrXt7gJ7GB2MOtN2v5ohX2ORpMX8AveFwwRAa+b+Bf6nf\/U5uSZnzw3K1ZRSwYyw+Sx7yzVr9HwdIHKZG1rfI7xt620oj7d3Pxx2\/enaDc8E4OIAlleuB6GsCx7f20fJX46xVpV50IB5MUmJtj2XKOEA52g+E\/atQdeRyzZtpkV3Is+Qtf1smjSvMSBPzjF+8j8JC\/8zey1VfVSiShS6litYIuB5LUWQosjtJsTEDuOnGjbANVWbEDzWRkCPWTvulYpgygchsCiy9wu8wvf\/8aeDafaKJyXTFwqzL2Ob43ko3Hgn88Dh+RW2SedCTrr+8zr7O12TKEUQ+YtYy99gKCz1bNCmXEJVIF9rwsdZZkMdWDYz9viAkdunKisL0Z20F9JOzuOJ9eKBsmXVb70izjyj+3Jcahaj9sqRfYf9CuzFDrGyr9uk30HhYF359xZ99eQTlILh7uFqpP+hme+OJneNFcqMQlA25H9VG9MVAHMHSx\/apP9Q9\/3MS6h75fQ9vNhWG0psUB8fy8UHbCvqBX4p7Y9pgEVB69zv1MxskvQOni++0avMKif22R\/jv\/s05u3tyh6GHyY1GEokqQA1edb72G2TxH4cG7m+0c2N+tQbcDmcvV0dJtLncZ1vdL63FSkTfePPRvnrUjjznxpgcUj0pOlbzjrzM9djOHF9IFTKvVqkyr1\/che6hHHY6Ham\/3c5bM3757c4efOvJPNilyI7FsTaHQWT+9ZCV4jQnU9+XwWAbeQ89OPOvsR8Ng0oZmUUP+riR03vhDjQSjh7tj\/a5Qq+h\/ZAyW\/HPs\/olSUUo6J3soAAAAASUVORK5CYII=\"\/><\/span><\/div>\r\n        <div class=\"c-reload\"><a href=\"javascript:void(0);\" class=\"cf7 captcha-reload\" title=\"Reload Captcha\"><img decoding=\"async\" style=\"margin-top:5px;\" src=\"https:\/\/www.cloud-labs.at\/wp-content\/plugins\/captcha-for-contact-form-7\/core\/assets\/reload-icon.png\" alt=\"Reload\"\/><\/a><\/div>\r\n    <\/div>\r\n    <input type=\"hidden\" id=\"hash_c_f58ac362d15decdeb5bd\" name=\"f12_captcha_hash\"\r\n           value=\"$2y$10$FXx56sa34LmHzBg8s1rulOPHOI9PIifwN1Ouig77dZLJSzpBJGdKW\"\/>\r\n    <div class=\"\" >\r\n        <input class=\"f12c\" data-method=\"image\"                type=\"text\" id=\"c_f58ac362d15decdeb5bd\" name=\"f12_captcha\"\r\n               placeholder=\"\" value=\"\"\/>\r\n    <\/div>\r\n<\/div>\r\n<\/span><\/p><input class=\"wpcf7-form-control wpcf7-submit has-spinner\" type=\"submit\" value=\"Senden\" \/>\n<\/p><div class=\"wpcf7-response-output\" aria-hidden=\"true\"><\/div>\n<\/form>\n<\/div>\n<\/div>\n            <\/div>\t\t\t\t<\/div>\n\t\t\t\t<\/div>\n\t\t\t\t\t<\/div>\n\t\t<\/div>\n\t\t\t\t<div class=\"elementor-column elementor-col-50 elementor-inner-column elementor-element elementor-element-91a630f\" data-id=\"91a630f\" data-element_type=\"column\">\n\t\t\t<div class=\"elementor-widget-wrap elementor-element-populated\">\n\t\t\t\t\t\t<div class=\"elementor-element elementor-element-ce285bc elementor-widget elementor-widget-heading\" data-id=\"ce285bc\" data-element_type=\"widget\" data-widget_type=\"heading.default\">\n\t\t\t\t<div class=\"elementor-widget-container\">\n\t\t\t\t\t<h2 class=\"elementor-heading-title elementor-size-default\">Kontaktdaten<\/h2>\t\t\t\t<\/div>\n\t\t\t\t<\/div>\n\t\t\t\t<div class=\"elementor-element elementor-element-574e1d0 elementor-widget elementor-widget-text-editor\" data-id=\"574e1d0\" data-element_type=\"widget\" data-widget_type=\"text-editor.default\">\n\t\t\t\t<div class=\"elementor-widget-container\">\n\t\t\t\t\t\t\t\t\t<p>Kontaktieren Sie uns &#8211; wir stehen f\u00fcr Fragen oder ein unverbindliches Gespr\u00e4ch gerne zur Verf\u00fcgung!<\/p>\t\t\t\t\t\t\t\t<\/div>\n\t\t\t\t<\/div>\n\t\t\t\t<div class=\"elementor-element elementor-element-45f1eac elementor-icon-list--layout-traditional elementor-list-item-link-full_width elementor-widget elementor-widget-icon-list\" data-id=\"45f1eac\" data-element_type=\"widget\" data-widget_type=\"icon-list.default\">\n\t\t\t\t<div class=\"elementor-widget-container\">\n\t\t\t\t\t\t\t<ul class=\"elementor-icon-list-items\">\n\t\t\t\t\t\t\t<li class=\"elementor-icon-list-item\">\n\t\t\t\t\t\t\t\t\t\t\t<a href=\"mailto:cloud-labs%20%3Coffice@cloud-labs.at?subject=Anfrage%20%C3%BCber%20die%20Web-Seite&#038;body=Hallo,%0A%0Aich%20h%C3%A4tte%20da%20eine%20Frage:%0A\">\n\n\t\t\t\t\t\t\t\t\t\t\t\t<span class=\"elementor-icon-list-icon\">\n\t\t\t\t\t\t\t<i aria-hidden=\"true\" class=\"far fa-envelope\"><\/i>\t\t\t\t\t\t<\/span>\n\t\t\t\t\t\t\t\t\t\t<span class=\"elementor-icon-list-text\">office@cloud-labs.at<\/span>\n\t\t\t\t\t\t\t\t\t\t\t<\/a>\n\t\t\t\t\t\t\t\t\t<\/li>\n\t\t\t\t\t\t<\/ul>\n\t\t\t\t\t\t<\/div>\n\t\t\t\t<\/div>\n\t\t\t\t\t<\/div>\n\t\t<\/div>\n\t\t\t\t\t<\/div>\n\t\t<\/section>\n\t\t\t\t\t<\/div>\n\t\t<\/div>\n\t\t\t\t\t<\/div>\n\t\t<\/section>\n\t\t\t\t<\/div>\n\t\t","protected":false},"excerpt":{"rendered":"<p>Kontaktformular Bitte senden Sie uns hier Ihre Fragen und Nachrichten: Ihr Name Email-Adresse Betrifft Ihre Nachricht (optional) Ich akzeptiere die Verarbeitung meiner Daten Bitte geben Sie die Zeichen weiter unten ein Captcha Kontaktdaten Kontaktieren Sie uns &#8211; wir stehen f\u00fcr Fragen oder ein unverbindliches Gespr\u00e4ch gerne zur Verf\u00fcgung! office@cloud-labs.at<\/p>\n","protected":false},"author":1,"featured_media":0,"parent":0,"menu_order":0,"comment_status":"closed","ping_status":"closed","template":"","meta":{"ocean_post_layout":"full-width","ocean_both_sidebars_style":"","ocean_both_sidebars_content_width":0,"ocean_both_sidebars_sidebars_width":0,"ocean_sidebar":"0","ocean_second_sidebar":"0","ocean_disable_margins":"on","ocean_add_body_class":"","ocean_shortcode_before_top_bar":"","ocean_shortcode_after_top_bar":"","ocean_shortcode_before_header":"","ocean_shortcode_after_header":"","ocean_has_shortcode":"","ocean_shortcode_after_title":"","ocean_shortcode_before_footer_widgets":"","ocean_shortcode_after_footer_widgets":"","ocean_shortcode_before_footer_bottom":"","ocean_shortcode_after_footer_bottom":"","ocean_display_top_bar":"default","ocean_display_header":"default","ocean_header_style":"","ocean_center_header_left_menu":"0","ocean_custom_header_template":"0","ocean_custom_logo":0,"ocean_custom_retina_logo":0,"ocean_custom_logo_max_width":0,"ocean_custom_logo_tablet_max_width":0,"ocean_custom_logo_mobile_max_width":0,"ocean_custom_logo_max_height":0,"ocean_custom_logo_tablet_max_height":0,"ocean_custom_logo_mobile_max_height":0,"ocean_header_custom_menu":"0","ocean_menu_typo_font_family":"0","ocean_menu_typo_font_subset":"","ocean_menu_typo_font_size":0,"ocean_menu_typo_font_size_tablet":0,"ocean_menu_typo_font_size_mobile":0,"ocean_menu_typo_font_size_unit":"px","ocean_menu_typo_font_weight":"","ocean_menu_typo_font_weight_tablet":"","ocean_menu_typo_font_weight_mobile":"","ocean_menu_typo_transform":"","ocean_menu_typo_transform_tablet":"","ocean_menu_typo_transform_mobile":"","ocean_menu_typo_line_height":0,"ocean_menu_typo_line_height_tablet":0,"ocean_menu_typo_line_height_mobile":0,"ocean_menu_typo_line_height_unit":"","ocean_menu_typo_spacing":0,"ocean_menu_typo_spacing_tablet":0,"ocean_menu_typo_spacing_mobile":0,"ocean_menu_typo_spacing_unit":"","ocean_menu_link_color":"","ocean_menu_link_color_hover":"","ocean_menu_link_color_active":"","ocean_menu_link_background":"","ocean_menu_link_hover_background":"","ocean_menu_link_active_background":"","ocean_menu_social_links_bg":"","ocean_menu_social_hover_links_bg":"","ocean_menu_social_links_color":"","ocean_menu_social_hover_links_color":"","ocean_disable_title":"default","ocean_disable_heading":"default","ocean_post_title":"","ocean_post_subheading":"","ocean_post_title_style":"","ocean_post_title_background_color":"","ocean_post_title_background":0,"ocean_post_title_bg_image_position":"","ocean_post_title_bg_image_attachment":"","ocean_post_title_bg_image_repeat":"","ocean_post_title_bg_image_size":"","ocean_post_title_height":0,"ocean_post_title_bg_overlay":0.5,"ocean_post_title_bg_overlay_color":"","ocean_disable_breadcrumbs":"default","ocean_breadcrumbs_color":"","ocean_breadcrumbs_separator_color":"","ocean_breadcrumbs_links_color":"","ocean_breadcrumbs_links_hover_color":"","ocean_display_footer_widgets":"default","ocean_display_footer_bottom":"default","ocean_custom_footer_template":"0","footnotes":""},"class_list":["post-1458","page","type-page","status-publish","hentry","entry"],"_links":{"self":[{"href":"https:\/\/www.cloud-labs.at\/index.php\/wp-json\/wp\/v2\/pages\/1458","targetHints":{"allow":["GET"]}}],"collection":[{"href":"https:\/\/www.cloud-labs.at\/index.php\/wp-json\/wp\/v2\/pages"}],"about":[{"href":"https:\/\/www.cloud-labs.at\/index.php\/wp-json\/wp\/v2\/types\/page"}],"author":[{"embeddable":true,"href":"https:\/\/www.cloud-labs.at\/index.php\/wp-json\/wp\/v2\/users\/1"}],"replies":[{"embeddable":true,"href":"https:\/\/www.cloud-labs.at\/index.php\/wp-json\/wp\/v2\/comments?post=1458"}],"version-history":[{"count":67,"href":"https:\/\/www.cloud-labs.at\/index.php\/wp-json\/wp\/v2\/pages\/1458\/revisions"}],"predecessor-version":[{"id":2780,"href":"https:\/\/www.cloud-labs.at\/index.php\/wp-json\/wp\/v2\/pages\/1458\/revisions\/2780"}],"wp:attachment":[{"href":"https:\/\/www.cloud-labs.at\/index.php\/wp-json\/wp\/v2\/media?parent=1458"}],"curies":[{"name":"wp","href":"https:\/\/api.w.org\/{rel}","templated":true}]}}