{"id":1588,"date":"2023-01-27T10:46:10","date_gmt":"2023-01-27T09:46:10","guid":{"rendered":"http:\/\/10.0.0.5\/wp601base\/?page_id=1588"},"modified":"2024-03-12T19:04:21","modified_gmt":"2024-03-12T18:04:21","slug":"datenschutz","status":"publish","type":"page","link":"https:\/\/www.cloud-labs.at\/index.php\/datenschutz\/","title":{"rendered":"Datenschutz"},"content":{"rendered":"\t\t<div data-elementor-type=\"wp-post\" data-elementor-id=\"1588\" class=\"elementor elementor-1588\">\n\t\t\t\t\t\t<section class=\"elementor-section elementor-top-section elementor-element elementor-element-4a40b09 elementor-section-boxed elementor-section-height-default elementor-section-height-default\" data-id=\"4a40b09\" data-element_type=\"section\" data-settings=\"{&quot;background_background&quot;:&quot;classic&quot;}\">\n\t\t\t\t\t\t\t<div class=\"elementor-background-overlay\"><\/div>\n\t\t\t\t\t\t\t<div class=\"elementor-container elementor-column-gap-default\">\n\t\t\t\t\t<div class=\"elementor-column elementor-col-100 elementor-top-column elementor-element elementor-element-b32bbdf\" data-id=\"b32bbdf\" data-element_type=\"column\" data-settings=\"{&quot;background_background&quot;:&quot;classic&quot;}\">\n\t\t\t<div class=\"elementor-widget-wrap elementor-element-populated\">\n\t\t\t\t\t\t<section class=\"elementor-section elementor-inner-section elementor-element elementor-element-f9225cf elementor-section-boxed elementor-section-height-default elementor-section-height-default\" data-id=\"f9225cf\" data-element_type=\"section\">\n\t\t\t\t\t\t<div class=\"elementor-container elementor-column-gap-default\">\n\t\t\t\t\t<div class=\"elementor-column elementor-col-100 elementor-inner-column elementor-element elementor-element-0bdd752\" data-id=\"0bdd752\" data-element_type=\"column\">\n\t\t\t<div class=\"elementor-widget-wrap elementor-element-populated\">\n\t\t\t\t\t\t<div class=\"elementor-element elementor-element-f8ed11c elementor-widget elementor-widget-heading\" data-id=\"f8ed11c\" data-element_type=\"widget\" data-widget_type=\"heading.default\">\n\t\t\t\t<div class=\"elementor-widget-container\">\n\t\t\t\t\t<h1 class=\"elementor-heading-title elementor-size-default\">Datenschutz<\/h1>\t\t\t\t<\/div>\n\t\t\t\t<\/div>\n\t\t\t\t\t<\/div>\n\t\t<\/div>\n\t\t\t\t\t<\/div>\n\t\t<\/section>\n\t\t\t\t<div class=\"elementor-element elementor-element-32ecffa elementor-widget-divider--view-line elementor-widget elementor-widget-divider\" data-id=\"32ecffa\" data-element_type=\"widget\" data-widget_type=\"divider.default\">\n\t\t\t\t<div class=\"elementor-widget-container\">\n\t\t\t\t\t\t\t<div class=\"elementor-divider\">\n\t\t\t<span class=\"elementor-divider-separator\">\n\t\t\t\t\t\t<\/span>\n\t\t<\/div>\n\t\t\t\t\t\t<\/div>\n\t\t\t\t<\/div>\n\t\t\t\t<div class=\"elementor-element elementor-element-f3a9f27 elementor-widget elementor-widget-text-editor\" data-id=\"f3a9f27\" data-element_type=\"widget\" data-widget_type=\"text-editor.default\">\n\t\t\t\t<div class=\"elementor-widget-container\">\n\t\t\t\t\t\t\t\t\t<div class=\"container\">\n<div class=\"row\">\n<div class=\"col-xl-8 mx-auto\">\n<section class=\"p-4\">\n<h2 class=\"pb-3\">Grundlegendes<\/h2>\n<p>Diese Datenschutzerkl\u00e4rung soll die Nutzer dieser Website \u00fcber die Art, den Umfang und den Zweck der Erhebung und Verwendung personenbezogener Daten durch den Websitebetreiber cloud-labs.at informieren.<\/p>\n<p>Der Websitebetreiber nimmt Ihren Datenschutz sehr ernst und behandelt Ihre personenbezogenen Daten vertraulich und entsprechend der gesetzlichen Vorschriften. Da durch neue Technologien und die st\u00e4ndige Weiterentwicklung dieser Website \u00c4nderungen an dieser Datenschutzerkl\u00e4rung vorgenommen werden k\u00f6nnen, empfehlen wir Ihnen sich die Datenschutzerkl\u00e4rung in regelm\u00e4\u00dfigen Abst\u00e4nden wieder durchzulesen.<\/p>\n<p>Definitionen der verwendeten Begriffe (z.B. &#8220;personenbezogene Daten&#8221; oder &#8220;Verarbeitung&#8221;) finden Sie in Art. 4 DSGVO.<\/p>\n<\/section>\n<section class=\"p-4\">\n<h2 class=\"pb-3\">Zugriffsdaten<\/h2>\n<p>Wir, der Websitebetreiber bzw. Seitenprovider, erheben aufgrund unseres berechtigten Interesses (s. Art. 6 Abs. 1 lit. f. DSGVO) Daten \u00fcber Zugriffe auf die Website und speichern diese als &#8220;Server-Logfiles&#8221; auf dem Server der Website ab. Folgende Daten werden so protokolliert:<\/p>\n<ul>\n<li>Besuchte Website<\/li>\n<li>Uhrzeit zum Zeitpunkt des Zugriffes<\/li>\n<li>Menge der gesendeten Daten in Byte<\/li>\n<li>Quelle\/Verweis, von welchem Sie auf die Seite gelangten<\/li>\n<li>Verwendeter Browser<\/li>\n<li>Verwendetes Betriebssystem<\/li>\n<li>Verwendete IP-Adresse<\/li>\n<\/ul>\n<p>Die Server-Logfiles werden f\u00fcr maximal 7 Tage gespeichert und anschlie\u00dfend gel\u00f6scht. Die Speicherung der Daten erfolgt aus Sicherheitsgr\u00fcnden, um z. B. Missbrauchsf\u00e4lle aufkl\u00e4ren zu k\u00f6nnen. M\u00fcssen Daten aus Beweisgr\u00fcnden aufgehoben werden, sind sie solange von der L\u00f6schung ausgenommen bis der Vorfall endg\u00fcltig gekl\u00e4rt ist.<\/p>\n<\/section>\n<section id=\"kontakt\" class=\"p-4\">\n<h2 class=\"pb-3\">Erfassung und Verarbeitung personenbezogener Daten<\/h2>\n<p>Der Websitebetreiber erhebt, nutzt und gibt Ihre personenbezogenen Daten nur dann weiter, wenn dies im gesetzlichen Rahmen erlaubt ist und Sie in die Datenerhebung einwilligen.<\/p>\n<p>Als personenbezogene Daten gelten s\u00e4mtliche Informationen, welche dazu dienen, Ihre Person zu bestimmen und welche zu Ihnen zur\u00fcckverfolgt werden k\u00f6nnen &#8211; also beispielsweise Ihr Name, Ihre E-Mail-Adresse und Telefonnummer.<\/p>\n<p>Diese Website k\u00f6nnen Sie auch besuchen, ohne Angaben zu Ihrer Person zu machen. Zur Verbesserung unseres Online-Angebotes speichern wir jedoch (ohne Personenbezug) Ihre Zugriffsdaten auf diese Website. Durch die Anonymisierung der Daten sind R\u00fcckschl\u00fcsse auf Ihre Person nicht m\u00f6glich.<\/p>\n<p>Folgende personenbezogene Daten werden von uns durch das Kontaktformular erfasst:<\/p>\n<ul>\n<li>Ihre Name<\/li>\n<li>Email Adresse<\/li>\n<\/ul>\n<p>Wir werden Ihre personenbezogenen Daten zu folgenden Zwecken verarbeiten:<\/p>\n<ul>\n<li>auf Ihre Anfragen zu antworten<\/li>\n<\/ul>\n<p><span class=\"text-danger\">Hinweis:<\/span> Sie k\u00f6nnen Ihre Einwilligung jederzeit f\u00fcr die Zukunft per E-Mail an office@cloud-labs.at widerrufen.<\/p>\n<\/section>\n<section class=\"p-4\">\n<h2 class=\"pb-3\">Umgang mit Kontaktdaten<\/h2>\n<p>Nehmen Sie mit uns als Websitebetreiber durch die angebotenen Kontaktm\u00f6glichkeiten Verbindung auf, werden Ihre Angaben gespeichert, damit auf diese zur Bearbeitung und Beantwortung Ihrer Anfrage zur\u00fcckgegriffen werden kann. Ohne Ihre Einwilligung werden diese Daten nicht an Dritte weitergegeben.<\/p>\n<\/section>\n<section class=\"p-4\">\n<h2 class=\"pb-3\">Rechte des Nutzers<\/h2>\n<p>Sie haben als Nutzer das Recht, auf Antrag eine kostenlose Auskunft dar\u00fcber zu erhalten, welche personenbezogenen Daten \u00fcber Sie gespeichert wurden. Sie haben au\u00dferdem das Recht auf Berichtigung falscher Daten und auf die Verarbeitungseinschr\u00e4nkung oder L\u00f6schung Ihrer personenbezogenen Daten. Falls zutreffend, k\u00f6nnen Sie auch Ihr Recht auf Datenportabilit\u00e4t geltend machen. Sollten Sie annehmen, dass Ihre Daten unrechtm\u00e4\u00dfig verarbeitet wurden, k\u00f6nnen Sie eine Beschwerde bei der zust\u00e4ndigen Aufsichtsbeh\u00f6rde einreichen.<\/p>\n<\/section>\n<section class=\"p-4\">\n<h2 class=\"pb-3\">L\u00f6schung von Daten<\/h2>\n<p>Sofern Ihr Wunsch nicht mit einer gesetzlichen Pflicht zur Aufbewahrung von Daten (z. B. Vorratsdatenspeicherung) kollidiert, haben Sie ein Anrecht auf L\u00f6schung Ihrer Daten. Von uns gespeicherte Daten werden, sollten sie f\u00fcr ihre Zweckbestimmung nicht mehr vonn\u00f6ten sein und es keine gesetzlichen Aufbewahrungsfristen geben, gel\u00f6scht. Falls eine L\u00f6schung nicht durchgef\u00fchrt werden kann, da die Daten f\u00fcr zul\u00e4ssige gesetzliche Zwecke erforderlich sind, erfolgt eine Einschr\u00e4nkung der Datenverarbeitung. In diesem Fall werden die Daten gesperrt und nicht f\u00fcr andere Zwecke verarbeitet.<\/p>\n<\/section>\n<section class=\"p-4\">\n<h2 class=\"pb-3\">Widerspruchsrecht<\/h2>\n<p>Nutzer dieser Website k\u00f6nnen von ihrem Widerspruchsrecht Gebrauch machen und der Verarbeitung ihrer personenbezogenen Daten zu jeder Zeit widersprechen.<\/p>\n<p>Wenn Sie eine Berichtigung, Sperrung, L\u00f6schung oder Auskunft \u00fcber die zu Ihrer Person gespeicherten personenbezogenen Daten w\u00fcnschen oder Fragen bzgl. der Erhebung, Verarbeitung oder Verwendung Ihrer personenbezogenen Daten haben oder erteilte Einwilligungen widerrufen m\u00f6chten, wenden Sie sich bitte an folgende E-Mail-Adresse: office@cloud-labs.at<\/p>\n<h2>Plugins und Tools<\/h2>\n<p>Google Fonts<\/p>\n<p>Diese Seite nutzt prim\u00e4r lokal auf dieser Website gespeicherte Standardschriftarten. Es werden in besonderen F\u00e4llen aber auch Google-Fonts verwendet. Aber auch diese sind lokal installiert. Eine Verbindung zu Servern von Google findet dabei nicht statt.<\/p>\n<p>Font Awesome<\/p>\n<p>Diese Seite nutzt zur einheitlichen Darstellung von Schriftarten auch Font Awesome. Font Awesome ist lokal installiert. Eine Verbindung zu Servern von Fonticons, Inc. findet dabei nicht statt.<\/p>\n<p>CAPTCHA-Werkzeuge<\/p>\n<p>Wir nutzen lokal auf unseren Servern gespeicherte CAPTCHA-Tools, sodass keine Verbindung zu externen Servern notwendig ist. <\/p>\n<p>Mit CAPTCHA wird \u00fcberpr\u00fcft, ob die Dateneingabe auf dieser Website&nbsp; durch einen Menschen oder durch ein automatisiertes Programm erfolgt.<\/p>\n<\/section>\n<\/div>\n<\/div>\n<\/div>\t\t\t\t\t\t\t\t<\/div>\n\t\t\t\t<\/div>\n\t\t\t\t\t<\/div>\n\t\t<\/div>\n\t\t\t\t\t<\/div>\n\t\t<\/section>\n\t\t\t\t<\/div>\n\t\t","protected":false},"excerpt":{"rendered":"<p>Datenschutz Grundlegendes Diese Datenschutzerkl\u00e4rung soll die Nutzer dieser Website \u00fcber die Art, den Umfang und den Zweck der Erhebung und Verwendung personenbezogener Daten durch den Websitebetreiber cloud-labs.at informieren. Der Websitebetreiber nimmt Ihren Datenschutz sehr ernst und behandelt Ihre personenbezogenen Daten vertraulich und entsprechend der gesetzlichen Vorschriften. Da durch neue Technologien und die st\u00e4ndige Weiterentwicklung dieser [&hellip;]<\/p>\n","protected":false},"author":1,"featured_media":0,"parent":0,"menu_order":0,"comment_status":"closed","ping_status":"closed","template":"","meta":{"ocean_post_layout":"full-width","ocean_both_sidebars_style":"","ocean_both_sidebars_content_width":0,"ocean_both_sidebars_sidebars_width":0,"ocean_sidebar":"0","ocean_second_sidebar":"0","ocean_disable_margins":"on","ocean_add_body_class":"","ocean_shortcode_before_top_bar":"","ocean_shortcode_after_top_bar":"","ocean_shortcode_before_header":"","ocean_shortcode_after_header":"","ocean_has_shortcode":"","ocean_shortcode_after_title":"","ocean_shortcode_before_footer_widgets":"","ocean_shortcode_after_footer_widgets":"","ocean_shortcode_before_footer_bottom":"","ocean_shortcode_after_footer_bottom":"","ocean_display_top_bar":"default","ocean_display_header":"default","ocean_header_style":"","ocean_center_header_left_menu":"0","ocean_custom_header_template":"0","ocean_custom_logo":0,"ocean_custom_retina_logo":0,"ocean_custom_logo_max_width":0,"ocean_custom_logo_tablet_max_width":0,"ocean_custom_logo_mobile_max_width":0,"ocean_custom_logo_max_height":0,"ocean_custom_logo_tablet_max_height":0,"ocean_custom_logo_mobile_max_height":0,"ocean_header_custom_menu":"0","ocean_menu_typo_font_family":"0","ocean_menu_typo_font_subset":"","ocean_menu_typo_font_size":0,"ocean_menu_typo_font_size_tablet":0,"ocean_menu_typo_font_size_mobile":0,"ocean_menu_typo_font_size_unit":"px","ocean_menu_typo_font_weight":"","ocean_menu_typo_font_weight_tablet":"","ocean_menu_typo_font_weight_mobile":"","ocean_menu_typo_transform":"","ocean_menu_typo_transform_tablet":"","ocean_menu_typo_transform_mobile":"","ocean_menu_typo_line_height":0,"ocean_menu_typo_line_height_tablet":0,"ocean_menu_typo_line_height_mobile":0,"ocean_menu_typo_line_height_unit":"","ocean_menu_typo_spacing":0,"ocean_menu_typo_spacing_tablet":0,"ocean_menu_typo_spacing_mobile":0,"ocean_menu_typo_spacing_unit":"","ocean_menu_link_color":"","ocean_menu_link_color_hover":"","ocean_menu_link_color_active":"","ocean_menu_link_background":"","ocean_menu_link_hover_background":"","ocean_menu_link_active_background":"","ocean_menu_social_links_bg":"","ocean_menu_social_hover_links_bg":"","ocean_menu_social_links_color":"","ocean_menu_social_hover_links_color":"","ocean_disable_title":"default","ocean_disable_heading":"default","ocean_post_title":"","ocean_post_subheading":"","ocean_post_title_style":"","ocean_post_title_background_color":"","ocean_post_title_background":0,"ocean_post_title_bg_image_position":"","ocean_post_title_bg_image_attachment":"","ocean_post_title_bg_image_repeat":"","ocean_post_title_bg_image_size":"","ocean_post_title_height":0,"ocean_post_title_bg_overlay":0.5,"ocean_post_title_bg_overlay_color":"","ocean_disable_breadcrumbs":"default","ocean_breadcrumbs_color":"","ocean_breadcrumbs_separator_color":"","ocean_breadcrumbs_links_color":"","ocean_breadcrumbs_links_hover_color":"","ocean_display_footer_widgets":"default","ocean_display_footer_bottom":"default","ocean_custom_footer_template":"0","footnotes":""},"class_list":["post-1588","page","type-page","status-publish","hentry","entry"],"_links":{"self":[{"href":"https:\/\/www.cloud-labs.at\/index.php\/wp-json\/wp\/v2\/pages\/1588","targetHints":{"allow":["GET"]}}],"collection":[{"href":"https:\/\/www.cloud-labs.at\/index.php\/wp-json\/wp\/v2\/pages"}],"about":[{"href":"https:\/\/www.cloud-labs.at\/index.php\/wp-json\/wp\/v2\/types\/page"}],"author":[{"embeddable":true,"href":"https:\/\/www.cloud-labs.at\/index.php\/wp-json\/wp\/v2\/users\/1"}],"replies":[{"embeddable":true,"href":"https:\/\/www.cloud-labs.at\/index.php\/wp-json\/wp\/v2\/comments?post=1588"}],"version-history":[{"count":28,"href":"https:\/\/www.cloud-labs.at\/index.php\/wp-json\/wp\/v2\/pages\/1588\/revisions"}],"predecessor-version":[{"id":2623,"href":"https:\/\/www.cloud-labs.at\/index.php\/wp-json\/wp\/v2\/pages\/1588\/revisions\/2623"}],"wp:attachment":[{"href":"https:\/\/www.cloud-labs.at\/index.php\/wp-json\/wp\/v2\/media?parent=1588"}],"curies":[{"name":"wp","href":"https:\/\/api.w.org\/{rel}","templated":true}]}}