{"id":1930,"date":"2023-02-03T10:44:13","date_gmt":"2023-02-03T09:44:13","guid":{"rendered":"http:\/\/10.0.0.5\/wp601base\/?page_id=1930"},"modified":"2024-03-12T19:13:22","modified_gmt":"2024-03-12T18:13:22","slug":"ueber-uns","status":"publish","type":"page","link":"https:\/\/www.cloud-labs.at\/index.php\/ueber-uns\/","title":{"rendered":"\u00dcber uns"},"content":{"rendered":"\t\t<div data-elementor-type=\"wp-post\" data-elementor-id=\"1930\" class=\"elementor elementor-1930\">\n\t\t\t\t\t\t<section class=\"elementor-section elementor-top-section elementor-element elementor-element-4a40b09 elementor-section-boxed elementor-section-height-default elementor-section-height-default\" data-id=\"4a40b09\" data-element_type=\"section\" data-settings=\"{&quot;background_background&quot;:&quot;classic&quot;}\">\n\t\t\t\t\t\t\t<div class=\"elementor-background-overlay\"><\/div>\n\t\t\t\t\t\t\t<div class=\"elementor-container elementor-column-gap-default\">\n\t\t\t\t\t<div class=\"elementor-column elementor-col-100 elementor-top-column elementor-element elementor-element-b32bbdf\" data-id=\"b32bbdf\" data-element_type=\"column\" data-settings=\"{&quot;background_background&quot;:&quot;classic&quot;}\">\n\t\t\t<div class=\"elementor-widget-wrap elementor-element-populated\">\n\t\t\t\t\t\t<section class=\"elementor-section elementor-inner-section elementor-element elementor-element-f9225cf elementor-section-boxed elementor-section-height-default elementor-section-height-default\" data-id=\"f9225cf\" data-element_type=\"section\">\n\t\t\t\t\t\t<div class=\"elementor-container elementor-column-gap-default\">\n\t\t\t\t\t<div class=\"elementor-column elementor-col-100 elementor-inner-column elementor-element elementor-element-0bdd752\" data-id=\"0bdd752\" data-element_type=\"column\">\n\t\t\t<div class=\"elementor-widget-wrap elementor-element-populated\">\n\t\t\t\t\t\t<div class=\"elementor-element elementor-element-f8ed11c elementor-widget elementor-widget-heading\" data-id=\"f8ed11c\" data-element_type=\"widget\" data-widget_type=\"heading.default\">\n\t\t\t\t<div class=\"elementor-widget-container\">\n\t\t\t\t\t<h1 class=\"elementor-heading-title elementor-size-default\">\u00dcber uns<\/h1>\t\t\t\t<\/div>\n\t\t\t\t<\/div>\n\t\t\t\t\t<\/div>\n\t\t<\/div>\n\t\t\t\t\t<\/div>\n\t\t<\/section>\n\t\t\t\t<div class=\"elementor-element elementor-element-32ecffa elementor-widget-divider--view-line elementor-widget elementor-widget-divider\" data-id=\"32ecffa\" data-element_type=\"widget\" data-widget_type=\"divider.default\">\n\t\t\t\t<div class=\"elementor-widget-container\">\n\t\t\t\t\t\t\t<div class=\"elementor-divider\">\n\t\t\t<span class=\"elementor-divider-separator\">\n\t\t\t\t\t\t<\/span>\n\t\t<\/div>\n\t\t\t\t\t\t<\/div>\n\t\t\t\t<\/div>\n\t\t\t\t<div class=\"elementor-element elementor-element-f3a9f27 elementor-widget elementor-widget-text-editor\" data-id=\"f3a9f27\" data-element_type=\"widget\" data-widget_type=\"text-editor.default\">\n\t\t\t\t<div class=\"elementor-widget-container\">\n\t\t\t\t\t\t\t\t\t<div class=\"container\"><div class=\"row\"><div class=\"col-xl-8 mx-auto\"><h2 class=\"p-4\">Wer sind wir?<\/h2><p class=\"p-4\">Wir sind ein ober\u00f6sterreichisches Unternehmen, dass sich auf Beratung und Entwicklung von IT-L\u00f6sungen spezialisiert hat. Im Fokus stehe dabei innovative L\u00f6sungen, die unseren Kunden helfen sollen, erfolgreicher in ihrer Gesch\u00e4ftst\u00e4tigkeit zu sein.<\/p><p class=\"p-4\">Unser Hauptsitz ist in der N\u00e4he von Linz im sch\u00f6nen M\u00fchlviertel. Wir verbinden betriebswirtschaftliche, strategische Beratung bez\u00fcglich ERP- und Web-L\u00f6sungen mit intelligenten, nachhaltig wertsch\u00f6pfenden und branchenspezifischen IT-L\u00f6sungen.<\/p><h2 class=\"p-4\">Was unterscheidet uns von anderen Unternehmen?<\/h2><p class=\"p-4\">Wir sind kompetent, zuverl\u00e4ssig und haben viel Erfahrung bei der Entwicklung von IT-L\u00f6sungen. Durch unsere Gr\u00f6\u00dfe sind wir wendig, engagiert und empathisch durch unsere Eigent\u00fcmerf\u00fchrung und Regionalit\u00e4t.<\/p><h2 class=\"p-4\">Was sind unsere Kernkompetenzen?<\/h2><p class=\"p-4\">Wir unterst\u00fctzen unsere Kunden in den Bereichen:<\/p><p class=\"p-4\"><strong>IT-Beratung:<\/strong> Wir beraten unsere Kunden im Bereich e-business Strategien, und bei der Entwicklung geeigneter L\u00f6sungen. Weiters sind die Unterst\u00fctzung im laufenden Betrieb und die Wahl eines geeigneten Hostings im Fokus.<\/p><p class=\"p-4\"><b>ERP-L\u00f6sungen:<\/b> Wir unterst\u00fctzen unsere Kunden bei Projekten im Bereich SAP-ERP Logistik (Anpassungen, Migrationen, Upgrades).\u00a0 <\/p><p class=\"p-4\"><strong>Web-L\u00f6sungen:<\/strong> Wir erstellen innovative L\u00f6sungen im Web, die den Erfolg unserer Kunden unterst\u00fctzen.<\/p><p class=\"p-4\"><strong>Projektmanagement:<\/strong> Effizientes Projektmanagement hilft bei Umsetzungsprojekten Termine und Kosten zu \u00fcberwachen.<\/p><p class=\"p-4\"><strong>Development &amp; Test Management:<\/strong> Bereits im Prozess der Erstellung der L\u00f6sung wird durch fortlaufende Testschritte eine hohe Qualit\u00e4t der L\u00f6sung angestrebt.<\/p><\/div><\/div><\/div>\t\t\t\t\t\t\t\t<\/div>\n\t\t\t\t<\/div>\n\t\t\t\t\t<\/div>\n\t\t<\/div>\n\t\t\t\t\t<\/div>\n\t\t<\/section>\n\t\t\t\t<\/div>\n\t\t","protected":false},"excerpt":{"rendered":"<p>\u00dcber uns Wer sind wir? Wir sind ein ober\u00f6sterreichisches Unternehmen, dass sich auf Beratung und Entwicklung von IT-L\u00f6sungen spezialisiert hat. Im Fokus stehe dabei innovative L\u00f6sungen, die unseren Kunden helfen sollen, erfolgreicher in ihrer Gesch\u00e4ftst\u00e4tigkeit zu sein. Unser Hauptsitz ist in der N\u00e4he von Linz im sch\u00f6nen M\u00fchlviertel. Wir verbinden betriebswirtschaftliche, strategische Beratung bez\u00fcglich ERP- [&hellip;]<\/p>\n","protected":false},"author":1,"featured_media":0,"parent":0,"menu_order":0,"comment_status":"closed","ping_status":"closed","template":"","meta":{"ocean_post_layout":"full-width","ocean_both_sidebars_style":"","ocean_both_sidebars_content_width":0,"ocean_both_sidebars_sidebars_width":0,"ocean_sidebar":"0","ocean_second_sidebar":"0","ocean_disable_margins":"on","ocean_add_body_class":"","ocean_shortcode_before_top_bar":"","ocean_shortcode_after_top_bar":"","ocean_shortcode_before_header":"","ocean_shortcode_after_header":"","ocean_has_shortcode":"","ocean_shortcode_after_title":"","ocean_shortcode_before_footer_widgets":"","ocean_shortcode_after_footer_widgets":"","ocean_shortcode_before_footer_bottom":"","ocean_shortcode_after_footer_bottom":"","ocean_display_top_bar":"default","ocean_display_header":"default","ocean_header_style":"","ocean_center_header_left_menu":"0","ocean_custom_header_template":"0","ocean_custom_logo":0,"ocean_custom_retina_logo":0,"ocean_custom_logo_max_width":0,"ocean_custom_logo_tablet_max_width":0,"ocean_custom_logo_mobile_max_width":0,"ocean_custom_logo_max_height":0,"ocean_custom_logo_tablet_max_height":0,"ocean_custom_logo_mobile_max_height":0,"ocean_header_custom_menu":"0","ocean_menu_typo_font_family":"0","ocean_menu_typo_font_subset":"","ocean_menu_typo_font_size":0,"ocean_menu_typo_font_size_tablet":0,"ocean_menu_typo_font_size_mobile":0,"ocean_menu_typo_font_size_unit":"px","ocean_menu_typo_font_weight":"","ocean_menu_typo_font_weight_tablet":"","ocean_menu_typo_font_weight_mobile":"","ocean_menu_typo_transform":"","ocean_menu_typo_transform_tablet":"","ocean_menu_typo_transform_mobile":"","ocean_menu_typo_line_height":0,"ocean_menu_typo_line_height_tablet":0,"ocean_menu_typo_line_height_mobile":0,"ocean_menu_typo_line_height_unit":"","ocean_menu_typo_spacing":0,"ocean_menu_typo_spacing_tablet":0,"ocean_menu_typo_spacing_mobile":0,"ocean_menu_typo_spacing_unit":"","ocean_menu_link_color":"","ocean_menu_link_color_hover":"","ocean_menu_link_color_active":"","ocean_menu_link_background":"","ocean_menu_link_hover_background":"","ocean_menu_link_active_background":"","ocean_menu_social_links_bg":"","ocean_menu_social_hover_links_bg":"","ocean_menu_social_links_color":"","ocean_menu_social_hover_links_color":"","ocean_disable_title":"default","ocean_disable_heading":"default","ocean_post_title":"","ocean_post_subheading":"","ocean_post_title_style":"","ocean_post_title_background_color":"","ocean_post_title_background":0,"ocean_post_title_bg_image_position":"","ocean_post_title_bg_image_attachment":"","ocean_post_title_bg_image_repeat":"","ocean_post_title_bg_image_size":"","ocean_post_title_height":0,"ocean_post_title_bg_overlay":0.5,"ocean_post_title_bg_overlay_color":"","ocean_disable_breadcrumbs":"default","ocean_breadcrumbs_color":"","ocean_breadcrumbs_separator_color":"","ocean_breadcrumbs_links_color":"","ocean_breadcrumbs_links_hover_color":"","ocean_display_footer_widgets":"default","ocean_display_footer_bottom":"default","ocean_custom_footer_template":"0","footnotes":""},"class_list":["post-1930","page","type-page","status-publish","hentry","entry"],"_links":{"self":[{"href":"https:\/\/www.cloud-labs.at\/index.php\/wp-json\/wp\/v2\/pages\/1930","targetHints":{"allow":["GET"]}}],"collection":[{"href":"https:\/\/www.cloud-labs.at\/index.php\/wp-json\/wp\/v2\/pages"}],"about":[{"href":"https:\/\/www.cloud-labs.at\/index.php\/wp-json\/wp\/v2\/types\/page"}],"author":[{"embeddable":true,"href":"https:\/\/www.cloud-labs.at\/index.php\/wp-json\/wp\/v2\/users\/1"}],"replies":[{"embeddable":true,"href":"https:\/\/www.cloud-labs.at\/index.php\/wp-json\/wp\/v2\/comments?post=1930"}],"version-history":[{"count":19,"href":"https:\/\/www.cloud-labs.at\/index.php\/wp-json\/wp\/v2\/pages\/1930\/revisions"}],"predecessor-version":[{"id":2629,"href":"https:\/\/www.cloud-labs.at\/index.php\/wp-json\/wp\/v2\/pages\/1930\/revisions\/2629"}],"wp:attachment":[{"href":"https:\/\/www.cloud-labs.at\/index.php\/wp-json\/wp\/v2\/media?parent=1930"}],"curies":[{"name":"wp","href":"https:\/\/api.w.org\/{rel}","templated":true}]}}