{"id":849,"date":"2016-10-25T15:19:54","date_gmt":"2016-10-25T15:19:54","guid":{"rendered":"http:\/\/lawyer2.mythemecloud.io\/?page_id=161"},"modified":"2024-03-12T18:22:33","modified_gmt":"2024-03-12T17:22:33","slug":"home","status":"publish","type":"page","link":"https:\/\/www.cloud-labs.at\/","title":{"rendered":"Home"},"content":{"rendered":"\t\t<div data-elementor-type=\"wp-post\" data-elementor-id=\"849\" class=\"elementor elementor-849\">\n\t\t\t\t\t\t<section class=\"elementor-section elementor-top-section elementor-element elementor-element-q0x262l elementor-section-boxed elementor-section-height-default elementor-section-height-default\" data-id=\"q0x262l\" data-element_type=\"section\" data-settings=\"{&quot;background_background&quot;:&quot;classic&quot;}\">\n\t\t\t\t\t\t\t<div class=\"elementor-background-overlay\"><\/div>\n\t\t\t\t\t\t\t<div class=\"elementor-container elementor-column-gap-default\">\n\t\t\t\t\t<div class=\"elementor-column elementor-col-100 elementor-top-column elementor-element elementor-element-biy7ig8\" data-id=\"biy7ig8\" data-element_type=\"column\" data-settings=\"{&quot;background_background&quot;:&quot;classic&quot;}\">\n\t\t\t<div class=\"elementor-widget-wrap elementor-element-populated\">\n\t\t\t\t\t\t<div class=\"elementor-element elementor-element-hj7wqof elementor-widget elementor-widget-heading\" data-id=\"hj7wqof\" data-element_type=\"widget\" data-widget_type=\"heading.default\">\n\t\t\t\t<div class=\"elementor-widget-container\">\n\t\t\t\t\t<h1 class=\"elementor-heading-title elementor-size-default\">Digitale L\u00f6sungen f\u00fcr Ihr Business<\/h1>\t\t\t\t<\/div>\n\t\t\t\t<\/div>\n\t\t\t\t<div class=\"elementor-element elementor-element-f6k1q97 elementor-widget-divider--view-line elementor-widget elementor-widget-divider\" data-id=\"f6k1q97\" data-element_type=\"widget\" data-widget_type=\"divider.default\">\n\t\t\t\t<div class=\"elementor-widget-container\">\n\t\t\t\t\t\t\t<div class=\"elementor-divider\">\n\t\t\t<span class=\"elementor-divider-separator\">\n\t\t\t\t\t\t<\/span>\n\t\t<\/div>\n\t\t\t\t\t\t<\/div>\n\t\t\t\t<\/div>\n\t\t\t\t<div class=\"elementor-element elementor-element-9kuff4d elementor-widget elementor-widget-text-editor\" data-id=\"9kuff4d\" data-element_type=\"widget\" data-widget_type=\"text-editor.default\">\n\t\t\t\t<div class=\"elementor-widget-container\">\n\t\t\t\t\t\t\t\t\t<p>cloud-labs.at realisiert IT-L\u00f6sungen f\u00fcr Ihr Unternehmen mit Hilfe von modernen Software- und Internet-Technologien. Dabei stehen innovative L\u00f6sungsans\u00e4tze, die Ihr Unternehmen erfolgreicher machen, im Fokus.<\/p><p>Erfahren Sie hier mehr, wie wir zu Ihrem Erfolg beitragen k\u00f6nnen.<\/p>\t\t\t\t\t\t\t\t<\/div>\n\t\t\t\t<\/div>\n\t\t\t\t<div class=\"elementor-element elementor-element-u5f0864 elementor-widget elementor-widget-button\" data-id=\"u5f0864\" data-element_type=\"widget\" data-widget_type=\"button.default\">\n\t\t\t\t<div class=\"elementor-widget-container\">\n\t\t\t\t\t\t\t\t\t<div class=\"elementor-button-wrapper\">\n\t\t\t\t\t<a class=\"elementor-button elementor-button-link elementor-size-sm\" href=\"\/index.php\/leistungen\/\">\n\t\t\t\t\t\t<span class=\"elementor-button-content-wrapper\">\n\t\t\t\t\t\t<span class=\"elementor-button-icon\">\n\t\t\t\t<i aria-hidden=\"true\" class=\"fas fa-long-arrow-alt-right\"><\/i>\t\t\t<\/span>\n\t\t\t\t\t\t\t\t\t<span class=\"elementor-button-text\">Mehr erfahren...<\/span>\n\t\t\t\t\t<\/span>\n\t\t\t\t\t<\/a>\n\t\t\t\t<\/div>\n\t\t\t\t\t\t\t\t<\/div>\n\t\t\t\t<\/div>\n\t\t\t\t\t<\/div>\n\t\t<\/div>\n\t\t\t\t\t<\/div>\n\t\t<\/section>\n\t\t\t\t<section class=\"elementor-section elementor-top-section elementor-element elementor-element-72024b0 elementor-section-boxed elementor-section-height-default elementor-section-height-default\" data-id=\"72024b0\" data-element_type=\"section\" data-settings=\"{&quot;background_background&quot;:&quot;classic&quot;}\">\n\t\t\t\t\t\t\t<div class=\"elementor-background-overlay\"><\/div>\n\t\t\t\t\t\t\t<div class=\"elementor-container elementor-column-gap-default\">\n\t\t\t\t\t<div class=\"elementor-column elementor-col-100 elementor-top-column elementor-element elementor-element-cd4b0fc\" data-id=\"cd4b0fc\" data-element_type=\"column\" data-settings=\"{&quot;background_background&quot;:&quot;classic&quot;}\">\n\t\t\t<div class=\"elementor-widget-wrap elementor-element-populated\">\n\t\t\t\t\t\t<div class=\"elementor-element elementor-element-d966e58 elementor-widget elementor-widget-heading\" data-id=\"d966e58\" data-element_type=\"widget\" data-widget_type=\"heading.default\">\n\t\t\t\t<div class=\"elementor-widget-container\">\n\t\t\t\t\t<h1 class=\"elementor-heading-title elementor-size-default\">Leistungen<\/h1>\t\t\t\t<\/div>\n\t\t\t\t<\/div>\n\t\t\t\t<div class=\"elementor-element elementor-element-d8a4238 elementor-widget-divider--view-line elementor-widget elementor-widget-divider\" data-id=\"d8a4238\" data-element_type=\"widget\" data-widget_type=\"divider.default\">\n\t\t\t\t<div class=\"elementor-widget-container\">\n\t\t\t\t\t\t\t<div class=\"elementor-divider\">\n\t\t\t<span class=\"elementor-divider-separator\">\n\t\t\t\t\t\t<\/span>\n\t\t<\/div>\n\t\t\t\t\t\t<\/div>\n\t\t\t\t<\/div>\n\t\t\t\t<div class=\"elementor-element elementor-element-2b40ce4 elementor-widget elementor-widget-text-editor\" data-id=\"2b40ce4\" data-element_type=\"widget\" data-widget_type=\"text-editor.default\">\n\t\t\t\t<div class=\"elementor-widget-container\">\n\t\t\t\t\t\t\t\t\tWir unterst\u00fctzen unsere Kunden in folgenden Bereichen:\t\t\t\t\t\t\t\t<\/div>\n\t\t\t\t<\/div>\n\t\t\t\t<div class=\"elementor-element elementor-element-c76ecbd pp-info-box-above-title elementor-widget elementor-widget-pp-info-box-carousel\" data-id=\"c76ecbd\" data-element_type=\"widget\" data-settings=\"{&quot;equal_height_boxes&quot;:&quot;yes&quot;,&quot;pause_on_hover&quot;:&quot;yes&quot;}\" data-widget_type=\"pp-info-box-carousel.default\">\n\t\t\t\t<div class=\"elementor-widget-container\">\n\t\t\t\t\t\t\t<div class=\"pp-info-box-container pp-info-box-carousel pp-swiper-slider swiper swiper-container-wrap-dots-outside\" data-slider-settings=\"{&quot;effect&quot;:&quot;coverflow&quot;,&quot;speed&quot;:900,&quot;slides_per_view&quot;:3,&quot;space_between&quot;:10,&quot;auto_height&quot;:true,&quot;loop&quot;:&quot;yes&quot;,&quot;autoplay&quot;:&quot;yes&quot;,&quot;autoplay_speed&quot;:2734,&quot;pause_on_interaction&quot;:&quot;&quot;,&quot;pagination&quot;:&quot;bullets&quot;,&quot;show_arrows&quot;:true,&quot;slides_per_view_mobile&quot;:1,&quot;space_between_mobile&quot;:10,&quot;slides_per_view_tablet&quot;:2,&quot;space_between_tablet&quot;:10}\">\n\t\t\t\t\t\t\t<div class=\"swiper-wrapper\">\n\t\t\t\n\t\t\t\t\t\t\t<div class=\"pp-info-box swiper-slide\">\n\t\t\t\t\t\n\t\t\t\t\t\t\t\t<div class=\"pp-info-box-icon-wrap\">\n\t\t\t\t\t\t\t\t<span class=\"pp-info-box-icon pp-icon\">\n\t\t\t\t\t\t\t\t\t\t\t\t\t\t\t\t\t\t\t<img decoding=\"async\" src=\"https:\/\/www.cloud-labs.at\/wp-content\/uploads\/2023\/01\/web-consult-600.png\" alt=\"web-consult-600\">\n\t\t\t\t\t\t\t\t\t\t\t\t\t\t\t\t\t<\/span>\n\n\t\t\t\t\t\t\t<\/div>\n\t\t\t\n\t\t\t\t\t\n\t\t\t\t\t<div class=\"pp-info-box-content\">\n\t\t\t\t\t\t\t\t<div class=\"pp-info-box-title-wrap\">\n\t\t\t\t\t\t\t<div class=\"pp-info-box-title-container\">\n\t\t\t\t\t<h3 class=\"pp-info-box-title\">\n\t\t\t\t\t\tBeratung\t\t\t\t\t<\/h3>\n\t\t\t\t<\/div>\n\t\t\t\t\t\t\t\t<h5 class=\"pp-info-box-subtitle\">\n\t\t\t\t\tKonzeption und Beratung f\u00fcr Ihre L\u00f6sung\t\t\t\t<\/h5>\n\t\t\t\t\t\t<\/div>\n\t\t\n\t\t\t\t\t\t\t\t\t\t\t\t\t<div class=\"pp-info-box-divider-wrap\">\n\t\t\t\t\t\t\t\t<div class=\"pp-info-box-divider\"><\/div>\n\t\t\t\t\t\t\t<\/div>\n\t\t\t\t\t\t\n\t\t\t\t\t\t\t\t\t\t\t\t\t<div class=\"pp-info-box-description\">\n\t\t\t\t\t\t\t\t<p>Wir beraten Sie bei der Konzeption einer adequaten innovativen L\u00f6sung f\u00fcr Ihr Anliegen und sorgen f\u00fcr eine effiziente Umsetzung mit Hilfe der IT.<\/p>\t\t\t\t\t\t\t<\/div>\n\t\t\t\t\t\t\n\t\t\t\t\t\t\t\t\t\t\t<\/div>\n\n\t\t\t\t\t\t\t\t\t<\/div>\n\t\t\t\t\t\t\t<div class=\"pp-info-box swiper-slide\">\n\t\t\t\t\t\n\t\t\t\t\t\t\t\t<div class=\"pp-info-box-icon-wrap\">\n\t\t\t\t\t\t\t\t<span class=\"pp-info-box-icon pp-icon\">\n\t\t\t\t\t\t\t\t\t\t\t\t\t\t\t\t\t\t\t<img decoding=\"async\" src=\"https:\/\/www.cloud-labs.at\/wp-content\/uploads\/2024\/03\/kisspng-business-management-consulting-consultant-service-infograph-5acacd841479b7.8220196215232403240839-986x1024.png\" alt=\"kisspng-business-management-consulting-consultant-service-infograph-5acacd841479b7.8220196215232403240839\">\n\t\t\t\t\t\t\t\t\t\t\t\t\t\t\t\t\t<\/span>\n\n\t\t\t\t\t\t\t<\/div>\n\t\t\t\n\t\t\t\t\t\n\t\t\t\t\t<div class=\"pp-info-box-content\">\n\t\t\t\t\t\t\t\t<div class=\"pp-info-box-title-wrap\">\n\t\t\t\t\t\t\t<div class=\"pp-info-box-title-container\">\n\t\t\t\t\t<h3 class=\"pp-info-box-title\">\n\t\t\t\t\t\tERP\t\t\t\t\t<\/h3>\n\t\t\t\t<\/div>\n\t\t\t\t\t\t\t\t<h5 class=\"pp-info-box-subtitle\">\n\t\t\t\t\tL\u00f6sungen im Enterprise Core\t\t\t\t<\/h5>\n\t\t\t\t\t\t<\/div>\n\t\t\n\t\t\t\t\t\t\t\t\t\t\t\t\t<div class=\"pp-info-box-divider-wrap\">\n\t\t\t\t\t\t\t\t<div class=\"pp-info-box-divider\"><\/div>\n\t\t\t\t\t\t\t<\/div>\n\t\t\t\t\t\t\n\t\t\t\t\t\t\t\t\t\t\t\t\t<div class=\"pp-info-box-description\">\n\t\t\t\t\t\t\t\t<p>Wir ermitteln gemeinsam mit Ihnen die beste L\u00f6sung f\u00fcr Ihr Vorhaben im ERP und realieren diese dann in SAP.<\/p>\t\t\t\t\t\t\t<\/div>\n\t\t\t\t\t\t\n\t\t\t\t\t\t\t\t\t\t\t<\/div>\n\n\t\t\t\t\t\t\t\t\t<\/div>\n\t\t\t\t\t\t\t<div class=\"pp-info-box swiper-slide\">\n\t\t\t\t\t\n\t\t\t\t\t\t\t\t<div class=\"pp-info-box-icon-wrap\">\n\t\t\t\t\t\t\t\t<span class=\"pp-info-box-icon pp-icon\">\n\t\t\t\t\t\t\t\t\t\t\t\t\t\t\t\t\t\t\t<img decoding=\"async\" src=\"https:\/\/www.cloud-labs.at\/wp-content\/uploads\/2023\/01\/web-development-600.png\" alt=\"web-development-600\">\n\t\t\t\t\t\t\t\t\t\t\t\t\t\t\t\t\t<\/span>\n\n\t\t\t\t\t\t\t<\/div>\n\t\t\t\n\t\t\t\t\t\n\t\t\t\t\t<div class=\"pp-info-box-content\">\n\t\t\t\t\t\t\t\t<div class=\"pp-info-box-title-wrap\">\n\t\t\t\t\t\t\t<div class=\"pp-info-box-title-container\">\n\t\t\t\t\t<h3 class=\"pp-info-box-title\">\n\t\t\t\t\t\tWebdesign\t\t\t\t\t<\/h3>\n\t\t\t\t<\/div>\n\t\t\t\t\t\t\t\t<h5 class=\"pp-info-box-subtitle\">\n\t\t\t\t\tWir erstellen Ihre Webseite.\t\t\t\t<\/h5>\n\t\t\t\t\t\t<\/div>\n\t\t\n\t\t\t\t\t\t\t\t\t\t\t\t\t<div class=\"pp-info-box-divider-wrap\">\n\t\t\t\t\t\t\t\t<div class=\"pp-info-box-divider\"><\/div>\n\t\t\t\t\t\t\t<\/div>\n\t\t\t\t\t\t\n\t\t\t\t\t\t\t\t\t\t\t\t\t<div class=\"pp-info-box-description\">\n\t\t\t\t\t\t\t\tWir erstellen Ihre Webseite mit Schwerpunkt auf die gew\u00fcnschte Funktionalit\u00e4t bei gleichzeitig intuitiver Bedienung.\t\t\t\t\t\t\t<\/div>\n\t\t\t\t\t\t\n\t\t\t\t\t\t\t\t\t\t\t<\/div>\n\n\t\t\t\t\t\t\t\t\t<\/div>\n\t\t\t\t\t\t\t<div class=\"pp-info-box swiper-slide\">\n\t\t\t\t\t\n\t\t\t\t\t\t\t\t<div class=\"pp-info-box-icon-wrap\">\n\t\t\t\t\t\t\t\t<span class=\"pp-info-box-icon pp-icon\">\n\t\t\t\t\t\t\t\t\t\t\t\t\t\t\t\t\t\t\t<img decoding=\"async\" src=\"https:\/\/www.cloud-labs.at\/wp-content\/uploads\/2023\/01\/webshop-600.png\" alt=\"webshop-600\">\n\t\t\t\t\t\t\t\t\t\t\t\t\t\t\t\t\t<\/span>\n\n\t\t\t\t\t\t\t<\/div>\n\t\t\t\n\t\t\t\t\t\n\t\t\t\t\t<div class=\"pp-info-box-content\">\n\t\t\t\t\t\t\t\t<div class=\"pp-info-box-title-wrap\">\n\t\t\t\t\t\t\t<div class=\"pp-info-box-title-container\">\n\t\t\t\t\t<h3 class=\"pp-info-box-title\">\n\t\t\t\t\t\te-Commerce\t\t\t\t\t<\/h3>\n\t\t\t\t<\/div>\n\t\t\t\t\t\t\t\t<h5 class=\"pp-info-box-subtitle\">\n\t\t\t\t\tWir helfen Ihnen bei Ihrem Online-Business\t\t\t\t<\/h5>\n\t\t\t\t\t\t<\/div>\n\t\t\n\t\t\t\t\t\t\t\t\t\t\t\t\t<div class=\"pp-info-box-divider-wrap\">\n\t\t\t\t\t\t\t\t<div class=\"pp-info-box-divider\"><\/div>\n\t\t\t\t\t\t\t<\/div>\n\t\t\t\t\t\t\n\t\t\t\t\t\t\t\t\t\t\t\t\t<div class=\"pp-info-box-description\">\n\t\t\t\t\t\t\t\tMit einem passenden Web-Shop pr\u00e4sentieren Sie Ihre Produkte und Dienstleistungen Ihren Kunden ansprechend.\t\t\t\t\t\t\t<\/div>\n\t\t\t\t\t\t\n\t\t\t\t\t\t\t\t\t\t\t<\/div>\n\n\t\t\t\t\t\t\t\t\t<\/div>\n\t\t\t\t\t\t\t<div class=\"pp-info-box swiper-slide\">\n\t\t\t\t\t\n\t\t\t\t\t\t\t\t<div class=\"pp-info-box-icon-wrap\">\n\t\t\t\t\t\t\t\t<span class=\"pp-info-box-icon pp-icon\">\n\t\t\t\t\t\t\t\t\t\t\t\t\t\t\t\t\t\t\t<img decoding=\"async\" src=\"https:\/\/www.cloud-labs.at\/wp-content\/uploads\/2023\/01\/web-portal-600.png\" alt=\"web-portal-600\">\n\t\t\t\t\t\t\t\t\t\t\t\t\t\t\t\t\t<\/span>\n\n\t\t\t\t\t\t\t<\/div>\n\t\t\t\n\t\t\t\t\t\n\t\t\t\t\t<div class=\"pp-info-box-content\">\n\t\t\t\t\t\t\t\t<div class=\"pp-info-box-title-wrap\">\n\t\t\t\t\t\t\t<div class=\"pp-info-box-title-container\">\n\t\t\t\t\t<h3 class=\"pp-info-box-title\">\n\t\t\t\t\t\tInternet-Portale\t\t\t\t\t<\/h3>\n\t\t\t\t<\/div>\n\t\t\t\t\t\t\t\t<h5 class=\"pp-info-box-subtitle\">\n\t\t\t\t\tInformationsaustausch mit Portal-L\u00f6sungen\t\t\t\t<\/h5>\n\t\t\t\t\t\t<\/div>\n\t\t\n\t\t\t\t\t\t\t\t\t\t\t\t\t<div class=\"pp-info-box-divider-wrap\">\n\t\t\t\t\t\t\t\t<div class=\"pp-info-box-divider\"><\/div>\n\t\t\t\t\t\t\t<\/div>\n\t\t\t\t\t\t\n\t\t\t\t\t\t\t\t\t\t\t\t\t<div class=\"pp-info-box-description\">\n\t\t\t\t\t\t\t\tWir unterst\u00fctzen Ihr Unternehmen beim internen und unternehmens-\u00fcbergreifenden Informationsaustausch.\t\t\t\t\t\t\t<\/div>\n\t\t\t\t\t\t\n\t\t\t\t\t\t\t\t\t\t\t<\/div>\n\n\t\t\t\t\t\t\t\t\t<\/div>\n\t\t\t\t\t\t\t<div class=\"pp-info-box swiper-slide\">\n\t\t\t\t\t\n\t\t\t\t\t\t\t\t<div class=\"pp-info-box-icon-wrap\">\n\t\t\t\t\t\t\t\t<span class=\"pp-info-box-icon pp-icon\">\n\t\t\t\t\t\t\t\t\t\t\t\t\t\t\t\t\t\t\t<img decoding=\"async\" src=\"https:\/\/www.cloud-labs.at\/wp-content\/uploads\/2023\/01\/web-cloud-600.png\" alt=\"web-cloud-600\">\n\t\t\t\t\t\t\t\t\t\t\t\t\t\t\t\t\t<\/span>\n\n\t\t\t\t\t\t\t<\/div>\n\t\t\t\n\t\t\t\t\t\n\t\t\t\t\t<div class=\"pp-info-box-content\">\n\t\t\t\t\t\t\t\t<div class=\"pp-info-box-title-wrap\">\n\t\t\t\t\t\t\t<div class=\"pp-info-box-title-container\">\n\t\t\t\t\t<h3 class=\"pp-info-box-title\">\n\t\t\t\t\t\tCloud-L\u00f6sungen\t\t\t\t\t<\/h3>\n\t\t\t\t<\/div>\n\t\t\t\t\t\t\t\t<h5 class=\"pp-info-box-subtitle\">\n\t\t\t\t\tBessere Zusammenarbeit in der Cloud\t\t\t\t<\/h5>\n\t\t\t\t\t\t<\/div>\n\t\t\n\t\t\t\t\t\t\t\t\t\t\t\t\t<div class=\"pp-info-box-divider-wrap\">\n\t\t\t\t\t\t\t\t<div class=\"pp-info-box-divider\"><\/div>\n\t\t\t\t\t\t\t<\/div>\n\t\t\t\t\t\t\n\t\t\t\t\t\t\t\t\t\t\t\t\t<div class=\"pp-info-box-description\">\n\t\t\t\t\t\t\t\tWir entwickeln L\u00f6sungen in der Cloud, die die Zusammenarbeit von Mitarbeitern und Projekt-Teams effizient verbessern.\t\t\t\t\t\t\t<\/div>\n\t\t\t\t\t\t\n\t\t\t\t\t\t\t\t\t\t\t<\/div>\n\n\t\t\t\t\t\t\t\t\t<\/div>\n\t\t\t\n\t\t\t\t\t\t\t<\/div>\n\t\t\t\t\t\t\t<div class=\"swiper-pagination swiper-pagination-c76ecbd\"><\/div>\n\t\t\t\t\t\t<div class=\"pp-slider-arrow elementor-swiper-button-prev swiper-button-prev-c76ecbd\">\n\t\t\t\t\t<i aria-hidden=\"true\" class=\"fas fa-angle-left\"><\/i>\t\t\t\t<\/div>\n\t\t\t\t<div class=\"pp-slider-arrow elementor-swiper-button-next swiper-button-next-c76ecbd\">\n\t\t\t\t\t<i aria-hidden=\"true\" class=\"fas fa-angle-right\"><\/i>\t\t\t\t<\/div>\n\t\t\t\t\t<\/div>\n\t\t\t\t\t\t<\/div>\n\t\t\t\t<\/div>\n\t\t\t\t\t<\/div>\n\t\t<\/div>\n\t\t\t\t\t<\/div>\n\t\t<\/section>\n\t\t\t\t<section class=\"elementor-section elementor-top-section elementor-element elementor-element-8d030e2 elementor-section-boxed elementor-section-height-default elementor-section-height-default\" data-id=\"8d030e2\" data-element_type=\"section\" data-settings=\"{&quot;background_background&quot;:&quot;classic&quot;}\">\n\t\t\t\t\t\t\t<div class=\"elementor-background-overlay\"><\/div>\n\t\t\t\t\t\t\t<div class=\"elementor-container elementor-column-gap-default\">\n\t\t\t\t\t<div class=\"elementor-column elementor-col-100 elementor-top-column elementor-element elementor-element-eb7fe05\" data-id=\"eb7fe05\" data-element_type=\"column\" data-settings=\"{&quot;background_background&quot;:&quot;classic&quot;}\">\n\t\t\t<div class=\"elementor-widget-wrap elementor-element-populated\">\n\t\t\t\t\t\t<div class=\"elementor-element elementor-element-55ec3ed elementor-widget elementor-widget-heading\" data-id=\"55ec3ed\" data-element_type=\"widget\" data-widget_type=\"heading.default\">\n\t\t\t\t<div class=\"elementor-widget-container\">\n\t\t\t\t\t<h1 class=\"elementor-heading-title elementor-size-default\">Forschung und Entwicklung<\/h1>\t\t\t\t<\/div>\n\t\t\t\t<\/div>\n\t\t\t\t<div class=\"elementor-element elementor-element-a6b01cc elementor-widget-divider--view-line elementor-widget elementor-widget-divider\" data-id=\"a6b01cc\" data-element_type=\"widget\" data-widget_type=\"divider.default\">\n\t\t\t\t<div class=\"elementor-widget-container\">\n\t\t\t\t\t\t\t<div class=\"elementor-divider\">\n\t\t\t<span class=\"elementor-divider-separator\">\n\t\t\t\t\t\t<\/span>\n\t\t<\/div>\n\t\t\t\t\t\t<\/div>\n\t\t\t\t<\/div>\n\t\t\t\t<section class=\"elementor-section elementor-inner-section elementor-element elementor-element-365724e elementor-section-boxed elementor-section-height-default elementor-section-height-default\" data-id=\"365724e\" data-element_type=\"section\">\n\t\t\t\t\t\t<div class=\"elementor-container elementor-column-gap-default\">\n\t\t\t\t\t<div class=\"elementor-column elementor-col-50 elementor-inner-column elementor-element elementor-element-48f80c7\" data-id=\"48f80c7\" data-element_type=\"column\" data-settings=\"{&quot;background_background&quot;:&quot;classic&quot;}\">\n\t\t\t<div class=\"elementor-widget-wrap elementor-element-populated\">\n\t\t\t\t\t\t<div class=\"elementor-element elementor-element-431c59e elementor-widget elementor-widget-text-editor\" data-id=\"431c59e\" data-element_type=\"widget\" data-widget_type=\"text-editor.default\">\n\t\t\t\t<div class=\"elementor-widget-container\">\n\t\t\t\t\t\t\t\t\t<h2><img decoding=\"async\" class=\"wp-image-1201 aligncenter\" src=\"https:\/\/www.cloud-labs.at\/wp-content\/uploads\/2023\/01\/web-university-700-300x225.png\" alt=\"\" width=\"188\" height=\"141\" srcset=\"https:\/\/www.cloud-labs.at\/wp-content\/uploads\/2023\/01\/web-university-700-300x225.png 300w, https:\/\/www.cloud-labs.at\/wp-content\/uploads\/2023\/01\/web-university-700.png 700w\" sizes=\"(max-width: 188px) 100vw, 188px\" \/><\/h2><h2>Innovation<\/h2><p style=\"text-align: center;\"><strong>Zusammenarbeit mit Hochschulen<\/strong><\/p><p>Durch die Kooperation mit der FH-Ober\u00f6sterreich stellen wir sicher, uns auch bez\u00fcglich Lehre und Forschung st\u00e4ndig auszutauschen und so am Puls der Zeit zu bleiben. So k\u00f6nnen wir innovative L\u00f6sungen bieten.<\/p>\t\t\t\t\t\t\t\t<\/div>\n\t\t\t\t<\/div>\n\t\t\t\t\t<\/div>\n\t\t<\/div>\n\t\t\t\t<div class=\"elementor-column elementor-col-50 elementor-inner-column elementor-element elementor-element-1e8cf82\" data-id=\"1e8cf82\" data-element_type=\"column\" data-settings=\"{&quot;background_background&quot;:&quot;classic&quot;}\">\n\t\t\t<div class=\"elementor-widget-wrap elementor-element-populated\">\n\t\t\t\t\t\t<div class=\"elementor-element elementor-element-9bc3ecb elementor-widget elementor-widget-text-editor\" data-id=\"9bc3ecb\" data-element_type=\"widget\" data-widget_type=\"text-editor.default\">\n\t\t\t\t<div class=\"elementor-widget-container\">\n\t\t\t\t\t\t\t\t\t<h2><img decoding=\"async\" class=\" wp-image-1202 aligncenter\" src=\"https:\/\/www.cloud-labs.at\/wp-content\/uploads\/2023\/01\/web-open-source-720-300x219.png\" alt=\"\" width=\"193\" height=\"141\" srcset=\"https:\/\/www.cloud-labs.at\/wp-content\/uploads\/2023\/01\/web-open-source-720-300x219.png 300w, https:\/\/www.cloud-labs.at\/wp-content\/uploads\/2023\/01\/web-open-source-720.png 759w\" sizes=\"(max-width: 193px) 100vw, 193px\" \/><\/h2><h2>Open Source<\/h2><p style=\"text-align: center;\"><strong>Quelloffene Software<\/strong><\/p><p>In den letzten Jahren hat sich der Open Source Ansatz in der Software-Welt mehr und mehr durchgesetzt. So verwenden auch wir f\u00fcr viele unserer L\u00f6sungen Open Source Software wie Linux, Apache, MySQL, WordPress, Nextcloud, etc.<\/p>\t\t\t\t\t\t\t\t<\/div>\n\t\t\t\t<\/div>\n\t\t\t\t\t<\/div>\n\t\t<\/div>\n\t\t\t\t\t<\/div>\n\t\t<\/section>\n\t\t\t\t\t<\/div>\n\t\t<\/div>\n\t\t\t\t\t<\/div>\n\t\t<\/section>\n\t\t\t\t<\/div>\n\t\t","protected":false},"excerpt":{"rendered":"<p>Digitale L\u00f6sungen f\u00fcr Ihr Business cloud-labs.at realisiert IT-L\u00f6sungen f\u00fcr Ihr Unternehmen mit Hilfe von modernen Software- und Internet-Technologien. Dabei stehen innovative L\u00f6sungsans\u00e4tze, die Ihr Unternehmen erfolgreicher machen, im Fokus. Erfahren Sie hier mehr, wie wir zu Ihrem Erfolg beitragen k\u00f6nnen. Mehr erfahren&#8230; Leistungen Wir unterst\u00fctzen unsere Kunden in folgenden Bereichen: Beratung Konzeption und Beratung f\u00fcr [&hellip;]<\/p>\n","protected":false},"author":1,"featured_media":0,"parent":0,"menu_order":0,"comment_status":"closed","ping_status":"closed","template":"","meta":{"ocean_post_layout":"right-sidebar","ocean_both_sidebars_style":"","ocean_both_sidebars_content_width":0,"ocean_both_sidebars_sidebars_width":0,"ocean_sidebar":"sidebar","ocean_second_sidebar":"0","ocean_disable_margins":"on","ocean_add_body_class":"","ocean_shortcode_before_top_bar":"","ocean_shortcode_after_top_bar":"","ocean_shortcode_before_header":"","ocean_shortcode_after_header":"","ocean_has_shortcode":"","ocean_shortcode_after_title":"","ocean_shortcode_before_footer_widgets":"","ocean_shortcode_after_footer_widgets":"","ocean_shortcode_before_footer_bottom":"","ocean_shortcode_after_footer_bottom":"","ocean_display_top_bar":"default","ocean_display_header":"default","ocean_header_style":"","ocean_center_header_left_menu":"0","ocean_custom_header_template":"0","ocean_custom_logo":0,"ocean_custom_retina_logo":0,"ocean_custom_logo_max_width":0,"ocean_custom_logo_tablet_max_width":0,"ocean_custom_logo_mobile_max_width":0,"ocean_custom_logo_max_height":0,"ocean_custom_logo_tablet_max_height":0,"ocean_custom_logo_mobile_max_height":0,"ocean_header_custom_menu":"0","ocean_menu_typo_font_family":"0","ocean_menu_typo_font_subset":"","ocean_menu_typo_font_size":0,"ocean_menu_typo_font_size_tablet":0,"ocean_menu_typo_font_size_mobile":0,"ocean_menu_typo_font_size_unit":"px","ocean_menu_typo_font_weight":"","ocean_menu_typo_font_weight_tablet":"","ocean_menu_typo_font_weight_mobile":"","ocean_menu_typo_transform":"","ocean_menu_typo_transform_tablet":"","ocean_menu_typo_transform_mobile":"","ocean_menu_typo_line_height":0,"ocean_menu_typo_line_height_tablet":0,"ocean_menu_typo_line_height_mobile":0,"ocean_menu_typo_line_height_unit":"","ocean_menu_typo_spacing":0,"ocean_menu_typo_spacing_tablet":0,"ocean_menu_typo_spacing_mobile":0,"ocean_menu_typo_spacing_unit":"","ocean_menu_link_color":"","ocean_menu_link_color_hover":"","ocean_menu_link_color_active":"","ocean_menu_link_background":"","ocean_menu_link_hover_background":"","ocean_menu_link_active_background":"","ocean_menu_social_links_bg":"","ocean_menu_social_hover_links_bg":"","ocean_menu_social_links_color":"","ocean_menu_social_hover_links_color":"","ocean_disable_title":"on","ocean_disable_heading":"default","ocean_post_title":"","ocean_post_subheading":"","ocean_post_title_style":"","ocean_post_title_background_color":"","ocean_post_title_background":0,"ocean_post_title_bg_image_position":"","ocean_post_title_bg_image_attachment":"","ocean_post_title_bg_image_repeat":"","ocean_post_title_bg_image_size":"","ocean_post_title_height":0,"ocean_post_title_bg_overlay":0.5,"ocean_post_title_bg_overlay_color":"","ocean_disable_breadcrumbs":"default","ocean_breadcrumbs_color":"","ocean_breadcrumbs_separator_color":"","ocean_breadcrumbs_links_color":"","ocean_breadcrumbs_links_hover_color":"","ocean_display_footer_widgets":"default","ocean_display_footer_bottom":"default","ocean_custom_footer_template":"0","footnotes":""},"class_list":["post-849","page","type-page","status-publish","hentry","entry"],"_links":{"self":[{"href":"https:\/\/www.cloud-labs.at\/index.php\/wp-json\/wp\/v2\/pages\/849","targetHints":{"allow":["GET"]}}],"collection":[{"href":"https:\/\/www.cloud-labs.at\/index.php\/wp-json\/wp\/v2\/pages"}],"about":[{"href":"https:\/\/www.cloud-labs.at\/index.php\/wp-json\/wp\/v2\/types\/page"}],"author":[{"embeddable":true,"href":"https:\/\/www.cloud-labs.at\/index.php\/wp-json\/wp\/v2\/users\/1"}],"replies":[{"embeddable":true,"href":"https:\/\/www.cloud-labs.at\/index.php\/wp-json\/wp\/v2\/comments?post=849"}],"version-history":[{"count":199,"href":"https:\/\/www.cloud-labs.at\/index.php\/wp-json\/wp\/v2\/pages\/849\/revisions"}],"predecessor-version":[{"id":2604,"href":"https:\/\/www.cloud-labs.at\/index.php\/wp-json\/wp\/v2\/pages\/849\/revisions\/2604"}],"wp:attachment":[{"href":"https:\/\/www.cloud-labs.at\/index.php\/wp-json\/wp\/v2\/media?parent=849"}],"curies":[{"name":"wp","href":"https:\/\/api.w.org\/{rel}","templated":true}]}}